{"id":39,"date":"2018-09-30T13:11:34","date_gmt":"2018-09-30T11:11:34","guid":{"rendered":"http:\/\/ciceron-avocats.com\/?page_id=39"},"modified":"2019-01-13T18:42:53","modified_gmt":"2019-01-13T17:42:53","slug":"web-site-under-construction","status":"publish","type":"page","link":"https:\/\/www.ciceron-avocats.com\/index.php\/en\/web-site-under-construction\/","title":{"rendered":"Web site under construction"},"content":{"rendered":"\t\t\t<style type=\"text\/css\">\n\t\t\t\t#content-block-background-1499 { background-image: url(); background-position: center top; background-repeat: no-repeat; background-color: #ffffff; background-attachment: fixed; background-size: auto; }\n\t\t\t\t#content-block-body-1499 { padding: 0 0 10px; color: #000000; }\n\t\t\t\t.content-block-body { margin-left: auto; margin-right: auto; position: relative; }\n\t\t\t<\/style>\n\t\t\t\t\t\t\t<style type=\"text\/css\">\n\t\t\t\t\t#wrapper-1 { overflow-x: hidden; }\n\t\t\t\t\t#content-block-background-1499 { margin: 0 -10000px; padding: 0 10000px; }\n\t\t\t\t<\/style>\n\t\t\t\n\t\t\t\n\t\t\t<div class=\"clear\"><\/div>\n\t\t\t<div id=\"content-block-background-1499\" class=\"content-block-background \">\n\t\t\t\t<div id=\"content-block-body-1499\" class=\"content-block-body\">\n\t\t\t\t\t<div class=\"clear\"><\/div>\n\t\t\t\t\t<img loading=\"lazy\" decoding=\"async\" class=\"size-medium wp-image-48 aligncenter\" src=\"http:\/\/ciceron-avocats.com\/wp-content\/uploads\/2018\/09\/Ciceron-Avocats-300x185.png\" alt=\"\" width=\"300\" height=\"185\" srcset=\"https:\/\/www.ciceron-avocats.com\/wp-content\/uploads\/2018\/09\/Ciceron-Avocats-300x185.png 300w, https:\/\/www.ciceron-avocats.com\/wp-content\/uploads\/2018\/09\/Ciceron-Avocats-768x472.png 768w, https:\/\/www.ciceron-avocats.com\/wp-content\/uploads\/2018\/09\/Ciceron-Avocats.png 925w\" sizes=\"auto, (max-width: 300px) 100vw, 300px\" \/>\t\t\t\t\t<div class=\"clear\"><\/div>\n\t\t\t\t<\/div>\n\t\t\t<\/div>\n\t\t\t<div class=\"clear\"><\/div>\n\t\t\t\n<div class=\"divider\"><\/div>\n<h3><span style=\"color: #e84e0f;\">Notre site est actuellement en cours de construction.<\/span><\/h3>\n<p>D\u00e8s \u00e0 pr\u00e9sent, nous sommes \u00e0 votre disposition pour vous accompagner, ainsi que votre entreprise, dans les domaines suivants :<\/p>\n\n<ul class=\"list-2\">\n<li>Droit des soci\u00e9t\u00e9s<\/li>\n<li>Droit fiscal<\/li>\n<li>Droit des contrats \u2013 Baux<\/li>\n<li>Droit \u00e9conomique<\/li>\n<li>Droit social<\/li>\n<li>Contentieux des affaires<\/li>\n<\/ul>\n\n<div class=\"divider\"><\/div>\n<p style=\"text-align: center;\"><span style=\"color: #e84e0f;\">Cabinets CIC\u00c9RON AVOCATS<\/span><br \/>\n2 rue Baron Buquet &#8211; 54600 VILLERS-L\u00c8S-NANCY<br \/>\nT\u00e9l. : 03 57 54 70 00<\/p>\n<p style=\"text-align: center;\">Cabinet Paris<br \/>\n35 bis rue Jouffroy d&rsquo;Abbas &#8211; 75017 PARIS<br \/>\nT\u00e9l. : 01 45 02 15 37<\/p>\n<p style=\"text-align: center;\">Cabinet Surg\u00e8res<br \/>\n2 rue Jules Ferry &#8211; 17700 SURG\u00c8RES<br \/>\nT\u00e9l. : 01 45 02 15 37<\/p>\n<p style=\"text-align: center;\">Mail : <a href=\"mailto:co&#110;ta&#99;t&#64;&#99;i&#99;e&#114;&#111;&#110;&#45;avoc&#97;t&#115;&#46;&#99;o&#109;\">&#99;&#111;&#110;t&#97;&#99;t&#64;&#99;ice&#114;on-a&#118;&#111;&#99;&#97;&#116;s&#46;c&#111;&#109;<\/a>\n<p style=\"text-align: center;\"><span style=\"color: #8f8e96;\">Accueil t\u00e9l\u00e9phonique du lundi au jeudi<\/span><br \/>\n<span style=\"color: #8f8e96;\">de 8H30 \u00e0 12H00 et de 14H00 \u00e0 18H00.<\/span><\/p>\n","protected":false},"excerpt":{"rendered":"<p>Notre site est actuellement en cours de construction. D\u00e8s \u00e0 pr\u00e9sent, nous sommes \u00e0 votre disposition pour vous accompagner, ainsi que votre entreprise, dans les domaines suivants : Cabinets CIC\u00c9RON AVOCATS 2 rue Baron Buquet &#8211; 54600 VILLERS-L\u00c8S-NANCY T\u00e9l. : 03 57 54 70 00 Cabinet Paris<\/p>\n","protected":false},"author":1,"featured_media":0,"parent":0,"menu_order":0,"comment_status":"closed","ping_status":"closed","template":"page-FullWidth.php","meta":{"footnotes":""},"class_list":["post-39","page","type-page","status-publish","hentry"],"_links":{"self":[{"href":"https:\/\/www.ciceron-avocats.com\/index.php\/wp-json\/wp\/v2\/pages\/39","targetHints":{"allow":["GET"]}}],"collection":[{"href":"https:\/\/www.ciceron-avocats.com\/index.php\/wp-json\/wp\/v2\/pages"}],"about":[{"href":"https:\/\/www.ciceron-avocats.com\/index.php\/wp-json\/wp\/v2\/types\/page"}],"author":[{"embeddable":true,"href":"https:\/\/www.ciceron-avocats.com\/index.php\/wp-json\/wp\/v2\/users\/1"}],"replies":[{"embeddable":true,"href":"https:\/\/www.ciceron-avocats.com\/index.php\/wp-json\/wp\/v2\/comments?post=39"}],"version-history":[{"count":7,"href":"https:\/\/www.ciceron-avocats.com\/index.php\/wp-json\/wp\/v2\/pages\/39\/revisions"}],"predecessor-version":[{"id":319,"href":"https:\/\/www.ciceron-avocats.com\/index.php\/wp-json\/wp\/v2\/pages\/39\/revisions\/319"}],"wp:attachment":[{"href":"https:\/\/www.ciceron-avocats.com\/index.php\/wp-json\/wp\/v2\/media?parent=39"}],"curies":[{"name":"wp","href":"https:\/\/api.w.org\/{rel}","templated":true}]}}