{"id":122,"date":"2018-10-01T00:26:38","date_gmt":"2018-09-30T22:26:38","guid":{"rendered":"http:\/\/ciceron-avocats.com\/?page_id=122"},"modified":"2025-09-17T08:43:36","modified_gmt":"2025-09-17T06:43:36","slug":"equipe","status":"publish","type":"page","link":"https:\/\/www.ciceron-avocats.com\/index.php\/equipe\/","title":{"rendered":"\u00c9quipe"},"content":{"rendered":"\t\t\t<style type=\"text\/css\">\n\t\t\t\t#content-block-background-1145 { background-image: url(); background-position: center top; background-repeat: no-repeat; background-color: #F5F5F5; background-attachment: scroll; background-size: auto; }\n\t\t\t\t#content-block-body-1145 { padding: 20px 0; color: inherit; }\n\t\t\t\t.content-block-body { margin-left: auto; margin-right: auto; position: relative; }\n\t\t\t<\/style>\n\t\t\t\t\t\t\t<style type=\"text\/css\">\n\t\t\t\t\t#wrapper-1 { overflow-x: hidden; }\n\t\t\t\t\t#content-block-background-1145 { margin: 0 -10000px; padding: 0 10000px; }\n\t\t\t\t<\/style>\n\t\t\t\n\t\t\t\n\t\t\t<div class=\"clear\"><\/div>\n\t\t\t<div id=\"content-block-background-1145\" class=\"content-block-background \">\n\t\t\t\t<div id=\"content-block-body-1145\" class=\"content-block-body\">\n\t\t\t\t\t<div class=\"clear\"><\/div>\n\t\t\t\t\t\n<div class=\"two_third\">\n<h1 style=\"color: #333; margin-top: 20px; font-size: 32px;\">L&rsquo;\u00e9quipe <span style=\"color: #e84e0f;\">Cic\u00e9ron Avocats<\/span><\/h1>\n<p>Cabinet d\u2019affaires \u00e0 taille humaine situ\u00e9 \u00e0 Villers-l\u00e8s-Nancy, Paris, Marseille et Surg\u00e8res,<br \/>\n<span style=\"color: #e84e0f;\">CIC\u00c9RON AVOCATS<\/span> est constitu\u00e9 d\u2019<strong>une \u00e9quipe de cinq avocats,<\/strong> dont trois associ\u00e9s,<br \/>\net deux assistantes qui, ensemble, mettent leur expertise \u00e0 la disposition d\u2019une client\u00e8le compos\u00e9e d\u2019entreprises et de leurs dirigeants, en <strong>ayant \u00e0 c\u0153ur de leur offrir une relation personnalis\u00e9e et une efficacit\u00e9 optimale<\/strong>.<br \/>\n<\/div>\n<div class=\"one_third last_column\">\n<h5 style=\"margin-top: 60px; color: #8f8e96; text-align: right; font-size: 20px;\">\u00ab\u00a0Notre mission consiste<br \/>\n\u00e0 accompagner et \u00e0 d\u00e9fendre<br \/>\nles int\u00e9r\u00eats de nos clients\u00a0\u00bb<\/h5>\n<div style=\"text-align: right;\"><span style=\"color: #e84e0f;\"> &#8211; Jean-Christophe Monne<\/span><\/div>\n<\/div>\t\t\t\t\t<div class=\"clear\"><\/div>\n\t\t\t\t<\/div>\n\t\t\t<\/div>\n\t\t\t<div class=\"clear\"><\/div>\n\t\t\t<div class=\"clear\"><\/div>\n<div style=\"margin: 40px 0;\"><div class=\"one_fourth\"><div class=\"custom-frame-wrapper alignleft\"><div class=\"custom-frame-inner-wrapper\"><div class=\"custom-frame-padding\"><img loading=\"lazy\" decoding=\"async\" class=\"alignnone size-medium wp-image-710\" src=\"https:\/\/www.ciceron-avocats.com\/wp-content\/uploads\/2025\/08\/JCM-222x300.jpeg\" alt=\"\" width=\"222\" height=\"300\" srcset=\"https:\/\/www.ciceron-avocats.com\/wp-content\/uploads\/2025\/08\/JCM-222x300.jpeg 222w, https:\/\/www.ciceron-avocats.com\/wp-content\/uploads\/2025\/08\/JCM-757x1024.jpeg 757w, https:\/\/www.ciceron-avocats.com\/wp-content\/uploads\/2025\/08\/JCM-768x1039.jpeg 768w, https:\/\/www.ciceron-avocats.com\/wp-content\/uploads\/2025\/08\/JCM.jpeg 800w\" sizes=\"auto, (max-width: 222px) 100vw, 222px\" \/><\/div><\/div><\/div><\/div><div class=\"three_fourth last_column\">\n<h4 id=\"jcm\" style=\"margin-top: 0px;\"><span style=\"color: #e84e0f;\">Jean-Christophe Monne<\/span><\/h4>\n<h6>Avocat Associ\u00e9<\/h6>\n<p>Ma\u00eetre Jean-Christophe Monne conseille et assiste les entreprises de tous secteurs d\u2019activit\u00e9 concernant les prises de d\u00e9cisions et la r\u00e9daction d\u2019actes n\u00e9cessaires \u00e0 la vie de l\u2019entreprise, de sa cr\u00e9ation \u00e0 sa transmission ou dissolution. Son expertise lui permet \u00e9galement d\u2019accompagner les entreprises dans des op\u00e9rations de d\u00e9veloppement ou de restructuration (op\u00e9rations de haut de bilan, fusions\/scissions, apports partiels d\u2019actifs, pactes d&rsquo;associ\u00e9s \u2026).<\/p>\n<p>D\u00e9vou\u00e9 et \u00e0 l\u2019\u00e9coute, Ma\u00eetre Monne accompagne le dirigeant ou l\u2019entrepreneur quotidiennement mais \u00e9galement devant les tribunaux lorsque cela s\u2019av\u00e8re n\u00e9cessaire.<\/p>\n<p>En outre, Ma\u00eetre Monne intervient \u00e9galement tant en conseil qu\u2019en contentieux en mati\u00e8re de fiscalit\u00e9 des entreprises et des particuliers. Ma\u00eetre Monne accompagne ses clients dans la mise en place d\u2019une strat\u00e9gie fiscale, dans la gestion fiscale de leur patrimoine et les assiste en cas de contr\u00f4le fiscal et dans leurs relations avec l\u2019administration.<\/p>\n<p><strong>Domaines d\u2019intervention :<\/strong><\/p>\n<ul>\n<li>Droit commercial, fonds de commerce et baux commerciaux<\/li>\n<li>Droit des soci\u00e9t\u00e9s, M&amp;A<\/li>\n<li>Proc\u00e9dures collectives<\/li>\n<li>Droit fiscal<\/li>\n<\/ul>\n<p><strong>Prestation de serment\u00a0:<\/strong> 7 janvier 2009<\/p>\n<p><strong>Dipl\u00f4mes\u00a0:<\/strong><\/p>\n<ul>\n<li>Master 2 Droit de l\u2019Entreprise et Fiscalit\u00e9 \u2013 DJCE<\/li>\n<li>Certificat d\u2019\u00e9tudes sp\u00e9cialis\u00e9es en Droit Fiscal<\/li>\n<li>Magist\u00e8re Juriste d\u2019Affaires Europ\u00e9en<\/li>\n<\/ul>\n<p><strong>Depuis 2018, Avocat Associ\u00e9 fondateur de Cic\u00e9ron Avocats<\/strong> et auparavant\u00a0:<\/p>\n<ul>\n<li>2015-2018 : Avocat Associ\u00e9 chez Filor Avocats<\/li>\n<li>2009-2014 : Avocat chez Filor Avocats<\/li>\n<\/ul>\n<p><strong>Autres activit\u00e9s\u00a0:<\/strong><\/p>\n<ul>\n<li>2015-2018 : Pr\u00e9sident de l\u2019Association des Avocats Conseils d\u2019Entreprises de Lorraine (ACE LORRAINE)<\/li>\n<li>2016-2017\u00a0: Pr\u00e9sident des Dirigeants Commerciaux de France de Nancy (DCF)<\/li>\n<\/ul>\n<p><strong>E-mail :<\/strong> <a href=\"mailto:jc.monne@ciceron-avocats.com\">jc.monne@ciceron-avocats.com<\/a><br \/>\n<\/div>\n<div class=\"divider\"><\/div>\n<div class=\"one_fourth\">\n<div class=\"custom-frame-wrapper alignleft\"><div class=\"custom-frame-inner-wrapper\"><div class=\"custom-frame-padding\"><img loading=\"lazy\" decoding=\"async\" class=\"alignnone size-medium wp-image-711\" src=\"https:\/\/www.ciceron-avocats.com\/wp-content\/uploads\/2025\/08\/SD-259x300.jpeg\" alt=\"\" width=\"259\" height=\"300\" srcset=\"https:\/\/www.ciceron-avocats.com\/wp-content\/uploads\/2025\/08\/SD-259x300.jpeg 259w, https:\/\/www.ciceron-avocats.com\/wp-content\/uploads\/2025\/08\/SD-768x888.jpeg 768w, https:\/\/www.ciceron-avocats.com\/wp-content\/uploads\/2025\/08\/SD.jpeg 800w\" sizes=\"auto, (max-width: 259px) 100vw, 259px\" \/><\/div><\/div><\/div>\n<\/div> <div class=\"three_fourth last_column\">\n<h4 id=\"sd\" style=\"margin-top: 0px;\"><span style=\"color: #e84e0f;\">St\u00e9phanie Delfour<\/span><\/h4>\n<h6>Avocat Associ\u00e9<\/h6>\n<p>Ayant d\u00e9but\u00e9 sa carri\u00e8re en tant que collaboratrice d\u2019Avocats au Conseil d\u2019\u00c9tat et \u00e0 la Cour de cassation, Ma\u00eetre Delfour a eu \u00e0 conna\u00eetre de contentieux introduits en dernier recours pour lesquels l\u2019approximation ne peut \u00eatre de mise.<\/p>\n<p>Empreinte de cette culture, elle propose \u00e0 ses clients une \u00e9tude approfondie et l\u2019analyse objective de leur situation, aussi bien pour le contentieux le plus courant (tel que le recouvrement de cr\u00e9ance), que dans les dossiers les plus complexes, dont sont par exemple saisies les cours d\u2019appel statuant sur renvoi apr\u00e8s cassation(s).<\/p>\n<p>Avant de conseiller utilement ses clients quant \u00e0 la meilleure strat\u00e9gie \u00e0 adopter et \u00e0 l\u2019opportunit\u00e9 d\u2019introduire ou non une instance, Ma\u00eetre Delfour propose le plus souvent de r\u00e9aliser une consultation juridique pr\u00e9alable permettant d\u2019envisager en connaissance de cause les suites \u00e0 donner.<\/p>\n<p>Ma\u00eetre Delfour s\u2019efforce d\u2019obtenir l\u2019issue la plus favorable aux int\u00e9r\u00eats de ses clients, et peut dans ce cadre \u00eatre amen\u00e9e \u00e0 n\u00e9gocier et r\u00e9diger un protocole d\u2019accord transactionnel, avant ou pendant une instance judiciaire.<\/p>\n<p>Elle vous accompagne \u00e9galement en op\u00e9rations d&rsquo;expertises et en dehors de tout contentieux dans la n\u00e9gociation et la r\u00e9daction de vos contrats et conditions g\u00e9n\u00e9rales de vente afin de mettre en conformit\u00e9 vos pratiques. Elle apporte en outre aux entreprises des solutions aux probl\u00e9matiques juridiques rencontr\u00e9es dans leur quotidien en droit de la distribution\/concurrence, droit commercial ou droit civil et en mati\u00e8re de march\u00e9s de travaux.<\/p>\n<p>Lorsque cela est n\u00e9cessaire, Ma\u00eetre Delfour assiste les dirigeants et entreprises devant les juridictions p\u00e9nales.<\/p>\n<p>Ayant un grand int\u00e9r\u00eat pour la mati\u00e8re p\u00e9nale et souhaitant contribuer aux garanties conf\u00e9r\u00e9es par le droit \u00e0 un proc\u00e8s \u00e9quitable, Ma\u00eetre Delfour prend enfin part au collectif de d\u00e9fense des majeurs de l\u2019Ordre des avocats au barreau de Nancy et assure dans ce cadre des permanences p\u00e9nales (assistance en garde \u00e0 vue, devant le juge des libert\u00e9s et de la d\u00e9tention, devant le tribunal correctionnel) et consultations gratuites.<\/p>\n<p><strong>Domaines d\u2019intervention :<\/strong><\/p>\n<ul>\n<li>Droit de la concurrence et de la distribution<\/li>\n<li>Contentieux et contrats civils et commerciaux<\/li>\n<li>March\u00e9s de travaux<\/li>\n<\/ul>\n<p><strong>Prestation de serment\u00a0:<\/strong> 19 d\u00e9cembre 2012<\/p>\n<p><strong>Dipl\u00f4mes\u00a0:<\/strong><\/p>\n<ul>\n<li>Master Droit de l\u2019\u00c9conomie et de la R\u00e9gulation en Europe (Sciences PO\u2019 STRASBOURG)<\/li>\n<li>Ma\u00eetrise Droit priv\u00e9 g\u00e9n\u00e9ral et sciences criminelles (Facult\u00e9 de droit de NANCY)<\/li>\n<li>Dipl\u00f4me universitaire de criminologie (Facult\u00e9 de droit de NANCY)<\/li>\n<\/ul>\n<p><strong>Depuis 2018, Avocat Associ\u00e9 fondateur de Cic\u00e9ron Avocats<\/strong> et auparavant\u00a0:<\/p>\n<ul>\n<li>2017-2018 : Avocat (Filor Avocats,Villers-l\u00e8s-Nancy)<\/li>\n<li>2013-2017 : Avocat au barreau de Paris (SCP Baraduc-Duhamel-Rameix, Avocat au Conseil d&rsquo;\u00c9tat et \u00e0 la Cour de cassation)<\/li>\n<li>2012 : Assistante r\u00e9f\u00e9rendaire au sein du service juridique de l\u2019Autorit\u00e9 de la concurrence (Paris)<\/li>\n<li>2012 : \u00c9l\u00e8ve avocat (cabinet Gide Loyrette Nouel, Paris)<\/li>\n<\/ul>\n<p><strong>E-mail :<\/strong> <a href=\"mailto:s.delfour@ciceron-avocats.com\">s.delfour@ciceron-avocats.com<\/a><br \/>\n<\/div>\n<div class=\"divider\"><\/div>\n<div class=\"one_fourth\">\n<div class=\"custom-frame-wrapper alignleft\"><div class=\"custom-frame-inner-wrapper\"><div class=\"custom-frame-padding\"><img loading=\"lazy\" decoding=\"async\" title=\"photo\" src=\"https:\/\/ciceron-avocats.com\/wp-content\/uploads\/2021\/01\/JB.jpg\" alt=\"\" width=\"150\" height=\"150\" \/><\/div><\/div><\/div>\n<\/div>\n<div class=\"three_fourth last_column\">\n<h4 id=\"jb\" style=\"margin-top: 0px;\"><span style=\"color: #e84e0f;\">Julien Boutiron<\/span><\/h4>\n<h6>Avocat Associ\u00e9<\/h6>\n<p>Fort de son exp\u00e9rience dans plusieurs cabinets d\u2019affaires, Ma\u00eetre Julien Boutiron a fond\u00e9 son cabinet en 2003 \u00e0 Paris, avant de rejoindre CIC\u00c9RON AVOCATS le 1er f\u00e9vrier 2019.<\/p>\n<p>Il pratique le droit du travail depuis pr\u00e8s de 20 ans, en intervenant pour des entreprises fran\u00e7aises et \u00e9trang\u00e8res et pour des salari\u00e9s. Il propose un accompagnement de fa\u00e7on quotidienne ou pour des probl\u00e9matiques plus ponctuelles, tant en conseil qu\u2019en contentieux<br \/>\nAuteur du droit du travail pour les nuls publi\u00e9 aux \u00e9ditions First en 2011 r\u00e9\u00e9dit\u00e9 en 2014, 2016 et 2018. Il a anim\u00e9 de multiples formations et conf\u00e9rences notamment pour le Medef, la chambre de Commerce de Paris et la FFB (F\u00e9d\u00e9ration Fran\u00e7aise du B\u00e2timent). Il a co\u00e9crit le petit livre pour plaire presque tout le monde paru aux \u00e9ditions First. Julien Boutiron a \u00e9t\u00e9 assesseur (d\u00e9sign\u00e9 par le MEDEF) en 2017 et 2018 au tribunal des affaires de s\u00e9curit\u00e9 sociale.<\/p>\n<p><strong>Domaines d\u2019intervention :<\/strong><\/p>\n<ul>\n<li>Droit du travail<\/li>\n<\/ul>\n<p><strong>Prestation de serment\u00a0:<\/strong> 6 d\u00e9cembre 2000<\/p>\n<p><strong>Dipl\u00f4mes\u00a0:<\/strong><\/p>\n<ul>\n<li>CAPA 1999<\/li>\n<li>DESS Juriste d\u2019Affaires International 1997<\/li>\n<li>Ma\u00eetrise de droit priv\u00e9 1995 (m\u00e9moire publi\u00e9 dans le droit maritime francais juillet aout 1996) \u00ab La nature juridique de la copropri\u00e9t\u00e9 des navires : une soci\u00e9t\u00e9 qui s\u2019ignore \u00bb<\/li>\n<\/ul>\n<p><strong>Depuis 2019, Avocat Associ\u00e9 de Cic\u00e9ron Avocats<\/strong> et auparavant\u00a0:<\/p>\n<ul>\n<li>2003-2018 : Avocat Fondateur chez Boutiron Avocat<\/li>\n<li>2002-2003 : Avocat chez SCP LSDPFH<\/li>\n<li>2000-2001 : Avocat chez Sonier &amp; Associ\u00e9s<\/li>\n<li>2000 : Juriste dans une start up pr\u00e9curseur des legalstech et stage au cabinet Blake Dowson Waldron \u00e0 Sydney (Australie) &#8211; Service militaire \u00e0 l\u2019H\u00f4tel Matignon en 1996<\/li>\n<li>1999 Prestagiaire au cabinet Gide Loyrette Nouel \u00e0 Paris<\/li>\n<\/ul>\n<p><strong>E-mail :<\/strong> <a href=\"mailto:j.boutiron@ciceron-avocats.com\">j.boutiron@ciceron-avocats.com<\/a><br \/>\n<\/div>\n<div class=\"divider\"><\/div>\n<div class=\"one_fourth\">\n<div class=\"custom-frame-wrapper alignleft\"><div class=\"custom-frame-inner-wrapper\"><div class=\"custom-frame-padding\"><img loading=\"lazy\" decoding=\"async\" title=\"photo\" src=\"https:\/\/ciceron-avocats.com\/wp-content\/uploads\/2021\/01\/CJ.jpg\" alt=\"\" width=\"150\" height=\"150\" \/><\/div><\/div><\/div>\n<\/div>\n<div class=\"three_fourth last_column\">\n<h4 id=\"cj\" style=\"margin-top: 0px;\"><span style=\"color: #e84e0f;\">Chlo\u00e9 Jazarin<\/span><\/h4>\n<h6>Avocat Associ\u00e9<\/h6>\n<p>Ma\u00eetre Chlo\u00e9 Jazarin est Avocat au sein du cabinet Cic\u00e9ron Avocats. Elle assiste les entreprises \u00e0 toutes les \u00e9tapes de leur vie, c\u2019est-\u00e0-dire dans leur cr\u00e9ation, leur d\u00e9veloppement, leur restructuration mais aussi dans leur transmission ou dissolution. \u00c0 cet \u00e9gard, son expertise concerne \u00e9galement la r\u00e9daction de tous les contrats commerciaux n\u00e9cessaires \u00e0 l\u2019exercice de l\u2019activit\u00e9 entrepreneuriale. Ma\u00eetre Chlo\u00e9 JAZARIN a \u00e0 c\u0153ur d\u2019allier rigueur et efficacit\u00e9 dans ses prestations et d\u2019offrir aux clients du cabinet un accompagnement personnalis\u00e9.<\/p>\n<p><strong>Domaines d\u2019intervention :<\/strong><\/p>\n<ul>\n<li>Droit des soci\u00e9t\u00e9s<\/li>\n<li>Droit commercial<\/li>\n<li>Droit des contrats<\/li>\n<li>Fonds de commerce et baux<\/li>\n<li>Droit des affaires internationales<\/li>\n<\/ul>\n<p><strong>Prestation de serment\u00a0:<\/strong> 18 janvier 2016<\/p>\n<p><strong>Dipl\u00f4mes\u00a0:<\/strong><\/p>\n<ul>\n<li>Master 2 Droit des Affaires Internationales<\/li>\n<li>DJCE<\/li>\n<\/ul>\n<p><strong>Depuis 2018, Avocat chez Cic\u00e9ron Avocats<\/strong> et auparavant\u00a0:<\/p>\n<ul>\n<li>2016-2018 : Avocat chez Filor Avocats<\/li>\n<\/ul>\n<p><strong>E-mail :<\/strong> <a href=\"mailto:c.jazarin@ciceron-avocats.com\">c.jazarin@ciceron-avocats.com<\/a><br \/>\n<\/div>\n<div class=\"divider\"><\/div>\n<div class=\"one_fourth\">\n<div class=\"custom-frame-wrapper alignleft\"><div class=\"custom-frame-inner-wrapper\"><div class=\"custom-frame-padding\"><img loading=\"lazy\" decoding=\"async\" class=\"alignnone size-medium wp-image-682\" src=\"https:\/\/www.ciceron-avocats.com\/wp-content\/uploads\/2023\/11\/IMG_4257-250x300.jpg\" alt=\"\" width=\"250\" height=\"300\" srcset=\"https:\/\/www.ciceron-avocats.com\/wp-content\/uploads\/2023\/11\/IMG_4257-250x300.jpg 250w, https:\/\/www.ciceron-avocats.com\/wp-content\/uploads\/2023\/11\/IMG_4257-768x923.jpg 768w, https:\/\/www.ciceron-avocats.com\/wp-content\/uploads\/2023\/11\/IMG_4257-852x1024.jpg 852w\" sizes=\"auto, (max-width: 250px) 100vw, 250px\" \/><\/div><\/div><\/div>\n<\/div> <div class=\"three_fourth last_column\">\n<h4 id=\"cr\" style=\"margin-top: 0px;\"><span style=\"color: #e84e0f;\">Cl\u00e9mentine Richard<\/span><\/h4>\n<h6>Avocat Associ\u00e9<\/h6>\n<p>Ma\u00eetre Cl\u00e9mentine RICHARD, Avocat au sein du cabinet Cic\u00e9ron Avocats, assiste les entreprises dans tous les secteurs d\u2019activit\u00e9 et \u00e0 toutes les \u00e9tapes de leur d\u00e9veloppement.<\/p>\n<p>Elle intervient \u00e9galement dans la r\u00e9daction de tous les actes de la vie de l\u2019entreprise et des contrats commerciaux n\u00e9cessaires \u00e0 son activit\u00e9.<\/p>\n<p>Ma\u00eetre Cl\u00e9mentine RICHARD propose aux entreprises et\/ou aux dirigeants un accompagnement personnalis\u00e9 visant \u00e0 trouver des solutions juridiques et fiscales pertinentes et adapt\u00e9es \u00e0 leurs besoins.<\/p>\n<p><strong>Domaines d\u2019intervention :<\/strong><\/p>\n<ul>\n<li>Droit des soci\u00e9t\u00e9s<\/li>\n<li>Droit commercial, fonds de commerce et baux commerciaux<\/li>\n<li>Propri\u00e9t\u00e9 intellectuelle<\/li>\n<li>Droit fiscal<\/li>\n<\/ul>\n<p><strong>Prestation de serment :<\/strong> 17 janvier 2022<\/p>\n<p><strong>Dipl\u00f4mes :<\/strong><\/p>\n<ul>\n<li>Mater 2 Droit de l\u2019Entreprise et Fiscalit\u00e9 \u2013 DJCE<\/li>\n<li>Dipl\u00f4me Universitaire Droit de la Propri\u00e9t\u00e9 Intellectuelle<\/li>\n<\/ul>\n<p><strong>Depuis 2022, Avocat chez Cic\u00e9ron Avocats<\/strong> et auparavant :<\/p>\n<ul>\n<li>2021 : \u00c9l\u00e8ve-avocat chez Cic\u00e9ron Avocats<\/li>\n<li>2018-2020\u00a0: Juriste chez Cic\u00e9ron Avocats<\/li>\n<\/ul>\n<p><strong>E-mail :<\/strong> <a href=\"mailto:c.richard@ciceron-avocats.com\">c.richard@ciceron-avocats.com<\/a><br \/>\n<\/div>\n<\/div>\n\t\t\t<style type=\"text\/css\">\n\t\t\t\t#content-block-background-1028 { background-image: url(); background-position: 50% 0; background-repeat: repeat; background-color: #E84E0F; background-attachment: scroll; background-size: auto; }\n\t\t\t\t#content-block-body-1028 { padding: 35px 0; color: #FFFFFF; }\n\t\t\t\t.content-block-body { margin-left: auto; margin-right: auto; position: relative; }\n\t\t\t<\/style>\n\t\t\t\t\t\t\t<style type=\"text\/css\">\n\t\t\t\t\t#wrapper-1 { overflow-x: hidden; }\n\t\t\t\t\t#content-block-background-1028 { margin: 0 -10000px; padding: 0 10000px; }\n\t\t\t\t<\/style>\n\t\t\t\n\t\t\t\t\t\t<script type=\"text\/javascript\">\n\t\t\t\t\/\/ <![CDATA[\n\t\t\t\tjQuery(document).ready(function($){\n\t\t\t\t\t\"use strict\";\n\t\t\t\t\tif( ! $(\"body\").hasClass( \"mobile-detected\" ) ){\n\t\t\t\t\t\t$(\"#content-block-background-\"+1028).each(function(){\n\t\t\t\t\t\t\tvar $bgobj = $(this); \/\/ Assigning the object.\n\t\t\t\t\t\t\tvar xPos = '50%'; \/\/ x bg position value from the user shortcode.\n\t\t\t\t\t\t\t$(window).scroll(function() {\n\t\t\t\t\t\t\t\tvar yPos = -($(window).scrollTop() \/ 3);\n\t\t\t\t\t\t\t\t\/\/ Put together our final background position.\n\t\t\t\t\t\t\t\tvar coords = xPos+' '+yPos+'px';\n\t\t\t\t\t\t\t\t\/\/ Move the background.\n\t\t\t\t\t\t\t\t$bgobj.css({ backgroundPosition: coords });\n\t\t\t\t\t\t\t});\n\t\t\t\t\t\t});\n\t\t\t\t\t}\n\t\t\t\t});\n\t\t\t\t\/\/ ]]>\n\t\t\t<\/script>\n\t\t\t\n\t\t\t<div class=\"clear\"><\/div>\n\t\t\t<div id=\"content-block-background-1028\" class=\"content-block-background \">\n\t\t\t\t<div id=\"content-block-body-1028\" class=\"content-block-body\">\n\t\t\t\t\t<div class=\"clear\"><\/div>\n\t\t\t\t\t\n<h1 style=\"float: left; display: inline-block; margin: 10px 0; font-size: 27px; line-height: 1.2; color: #ffffff;\">Si vous d\u00e9sirez plus d&rsquo;information :<\/h1>\n<a class=\"flat-custom-button align-btn-right\" href=\"\/index.php\/contact\" title=\"\" target=\"_blank\"><span style=\"padding:15px 20px; background-color:transparent; border:1px solid #FFFFFF; color:#FFFFFF; font-size:16px;\">Contactez-nous<\/span><\/a>\n\t\t\t\t\t<div class=\"clear\"><\/div>\n\t\t\t\t<\/div>\n\t\t\t<\/div>\n\t\t\t<div class=\"clear\"><\/div>\n\t\t\t\n","protected":false},"excerpt":{"rendered":"L'\u00e9quipe Cic\u00e9ron Avocats Cabinet d\u2019affaires \u00e0 taille humaine situ\u00e9 \u00e0 Villers-l\u00e8s-Nancy, Paris, Marseille et Surg\u00e8res, CIC\u00c9RON AVOCATS est constitu\u00e9 d\u2019une \u00e9quipe de cinq avocats, dont trois associ\u00e9s, et deux assistantes qui, ensemble, mettent leur expertise \u00e0 la disposition d\u2019une client\u00e8le compos\u00e9e d\u2019entreprises et de leurs dirigeants, en","protected":false},"author":1,"featured_media":0,"parent":0,"menu_order":0,"comment_status":"closed","ping_status":"closed","template":"","meta":{"footnotes":""},"class_list":["post-122","page","type-page","status-publish","hentry"],"_links":{"self":[{"href":"https:\/\/www.ciceron-avocats.com\/index.php\/wp-json\/wp\/v2\/pages\/122","targetHints":{"allow":["GET"]}}],"collection":[{"href":"https:\/\/www.ciceron-avocats.com\/index.php\/wp-json\/wp\/v2\/pages"}],"about":[{"href":"https:\/\/www.ciceron-avocats.com\/index.php\/wp-json\/wp\/v2\/types\/page"}],"author":[{"embeddable":true,"href":"https:\/\/www.ciceron-avocats.com\/index.php\/wp-json\/wp\/v2\/users\/1"}],"replies":[{"embeddable":true,"href":"https:\/\/www.ciceron-avocats.com\/index.php\/wp-json\/wp\/v2\/comments?post=122"}],"version-history":[{"count":216,"href":"https:\/\/www.ciceron-avocats.com\/index.php\/wp-json\/wp\/v2\/pages\/122\/revisions"}],"predecessor-version":[{"id":729,"href":"https:\/\/www.ciceron-avocats.com\/index.php\/wp-json\/wp\/v2\/pages\/122\/revisions\/729"}],"wp:attachment":[{"href":"https:\/\/www.ciceron-avocats.com\/index.php\/wp-json\/wp\/v2\/media?parent=122"}],"curies":[{"name":"wp","href":"https:\/\/api.w.org\/{rel}","templated":true}]}}